{"id":658,"date":"2024-05-13T06:58:38","date_gmt":"2024-05-13T04:58:38","guid":{"rendered":"https:\/\/komon.22projects.sk\/?page_id=658"},"modified":"2024-06-04T14:09:19","modified_gmt":"2024-06-04T12:09:19","slug":"rekreacne-sporty","status":"publish","type":"page","link":"https:\/\/komsport.eu\/sk\/rekreacne-sporty\/","title":{"rendered":"Rekrea\u010dn\u00e9 sporty"},"content":{"rendered":"<p class=\"wp-block-tag-cloud\"><a href=\"https:\/\/komsport.eu\/sk\/sport\/basketbal\/\" class=\"tag-cloud-link tag-link-14 tag-link-position-1\" style=\"font-size: 12pt;\" aria-label=\"Basketbal (24 polo\u017eka)\">Basketbal<\/a><a href=\"https:\/\/komsport.eu\/sk\/sport\/beh\/\" class=\"tag-cloud-link tag-link-101 tag-link-position-2\" style=\"font-size: 12pt;\" aria-label=\"Beh (19 polo\u017eka)\">Beh<\/a><a href=\"https:\/\/komsport.eu\/sk\/sport\/clnkovanie-vodne-bicykle\/\" class=\"tag-cloud-link tag-link-168 tag-link-position-3\" style=\"font-size: 12pt;\" aria-label=\"\u010clnkovanie, vodn\u00e9 bicykle (1 polo\u017eka)\">\u010clnkovanie, vodn\u00e9 bicykle<\/a><a href=\"https:\/\/komsport.eu\/sk\/sport\/crosstraining\/\" class=\"tag-cloud-link tag-link-39 tag-link-position-4\" style=\"font-size: 12pt;\" aria-label=\"Cross training (19 polo\u017eka)\">Cross training<\/a><a href=\"https:\/\/komsport.eu\/sk\/sport\/cyklistika\/\" class=\"tag-cloud-link tag-link-29 tag-link-position-5\" style=\"font-size: 12pt;\" aria-label=\"Cyklistika (25 polo\u017eka)\">Cyklistika<\/a><a href=\"https:\/\/komsport.eu\/sk\/sport\/fitness\/\" class=\"tag-cloud-link tag-link-92 tag-link-position-6\" style=\"font-size: 12pt;\" aria-label=\"Fitness (42 polo\u017eka)\">Fitness<\/a><a href=\"https:\/\/komsport.eu\/sk\/sport\/futbal\/\" class=\"tag-cloud-link tag-link-11 tag-link-position-7\" style=\"font-size: 12pt;\" aria-label=\"Futbal (39 polo\u017eka)\">Futbal<\/a><a href=\"https:\/\/komsport.eu\/sk\/sport\/in-line-korculovanie\/\" class=\"tag-cloud-link tag-link-167 tag-link-position-8\" style=\"font-size: 12pt;\" aria-label=\"In-line kor\u010du\u013eovanie (3 polo\u017eka)\">In-line kor\u010du\u013eovanie<\/a><a href=\"https:\/\/komsport.eu\/sk\/sport\/ladove-korculovanie\/\" class=\"tag-cloud-link tag-link-134 tag-link-position-9\" style=\"font-size: 12pt;\" aria-label=\"\u013dadov\u00e9 kor\u010du\u013eovanie (2 polo\u017eka)\">\u013dadov\u00e9 kor\u010du\u013eovanie<\/a><a href=\"https:\/\/komsport.eu\/sk\/sport\/nordic-walking\/\" class=\"tag-cloud-link tag-link-166 tag-link-position-10\" style=\"font-size: 12pt;\" aria-label=\"Nordic-walking (3 polo\u017eka)\">Nordic-walking<\/a><a href=\"https:\/\/komsport.eu\/sk\/sport\/plavanie\/\" class=\"tag-cloud-link tag-link-10 tag-link-position-11\" style=\"font-size: 12pt;\" aria-label=\"Pl\u00e1vanie (13 polo\u017eka)\">Pl\u00e1vanie<\/a><a href=\"https:\/\/komsport.eu\/sk\/sport\/squash\/\" class=\"tag-cloud-link tag-link-91 tag-link-position-12\" style=\"font-size: 12pt;\" aria-label=\"Squash (1 polo\u017eka)\">Squash<\/a><a href=\"https:\/\/komsport.eu\/sk\/sport\/teqball\/\" class=\"tag-cloud-link tag-link-132 tag-link-position-13\" style=\"font-size: 12pt;\" aria-label=\"Teqball (1 polo\u017eka)\">Teqball<\/a><a href=\"https:\/\/komsport.eu\/sk\/sport\/turistika\/\" class=\"tag-cloud-link tag-link-33 tag-link-position-14\" style=\"font-size: 12pt;\" aria-label=\"Turistika (4 polo\u017eka)\">Turistika<\/a><a href=\"https:\/\/komsport.eu\/sk\/sport\/volejbal\/\" class=\"tag-cloud-link tag-link-7 tag-link-position-15\" style=\"font-size: 12pt;\" aria-label=\"Volejbal (22 polo\u017eka)\">Volejbal<\/a><\/p>\n\n\n\n<p>Rekrea\u010dn\u00e9 \u0161porty s\u00fa popul\u00e1rnou formou akt\u00edvneho oddychu, zlep\u0161uj\u00fa fyzick\u00e9 zdravie a zni\u017euj\u00fa stres. Tieto aktivity nielen podporuj\u00fa telesn\u00fa kond\u00edciu, ale tie\u017e poskytuj\u00fa pr\u00edle\u017eitos\u0165 na spozn\u00e1vanie nov\u00fdch \u013eud\u00ed a z\u00edskavanie nov\u00fdch z\u00e1\u017eitkov v pr\u00edjemnom prostred\u00ed, ke\u010f\u017ee ide najm\u00e4 o pobyt v pr\u00edrode.<\/p>\n\n\n\n<div class=\"wp-block-columns is-layout-flex wp-container-core-columns-is-layout-9d6595d7 wp-block-columns-is-layout-flex\">\n<div class=\"wp-block-column is-layout-flow wp-block-column-is-layout-flow\">\n<figure class=\"wp-block-image size-large\"><img decoding=\"async\" src=\"https:\/\/komsport.eu\/wp-content\/uploads\/2024\/04\/bicyklovanie-1024x684.jpg\" alt=\"\" class=\"wp-image-347\"\/><\/figure>\n<\/div>\n\n\n\n<div class=\"wp-block-column is-layout-flow wp-block-column-is-layout-flow\">\n<h2 class=\"wp-block-heading\">Cyklistika<\/h2>\n\n\n\n<p>Cyklistika v Kom\u00e1rne a okol\u00ed m\u00e1 svoju trad\u00edciu. Dostupn\u00e9 s\u00fa nielen cyklotrasy ale aj centrum mesta Kom\u00e1rno a Kom\u00e1rom s\u00fa pln\u00e9 cyklochodn\u00edkov pre dom\u00e1cich i turistov.\u00a0<\/p>\n\n\n\n<div class=\"wp-block-buttons is-horizontal is-content-justification-left is-layout-flex wp-container-core-buttons-is-layout-92fc3979 wp-block-buttons-is-layout-flex\">\n<div class=\"wp-block-button\"><a class=\"wp-block-button__link wp-element-button\">Cyklotrasy<\/a><\/div>\n\n\n\n<div class=\"wp-block-button\"><a class=\"wp-block-button__link wp-element-button\">Cyklot\u00fara 100KOM<\/a><\/div>\n\n\n\n<div class=\"wp-block-button\"><a class=\"wp-block-button__link wp-element-button\">Cyklistick\u00e9 Kluby<\/a><\/div>\n<\/div>\n<\/div>\n<\/div>\n\n\n\n<h2 class=\"wp-block-heading\">Turistika<\/h2>\n\n\n\n<p>Kom\u00e1rno a Kom\u00e1rom pon\u00fakaj\u00fa mnoho pr\u00edle\u017eitost\u00ed pre be\u017ecov, turistov, vr\u00e1tane n\u00e1bre\u017en\u00fdch chodn\u00edkov pozd\u013a\u017e Dunaja, ktor\u00e9 s\u00fa ide\u00e1lne pre dlh\u00e9 behy s v\u00fdh\u013eadmi na rieku. Mest\u00e1 maj\u00fa aj nieko\u013eko parkov a zelen\u00fdch pl\u00f4ch, ako je napr\u00edklad M\u0155tve rameno V\u00e1hu (Kom\u00e1rno), Jazero R\u00fcdiger (Kom\u00e1rom), kde sa daj\u00fa n\u00e1js\u0165 pokojn\u00e9 trasy pre beh v pr\u00edrode. Okrem toho sa pravidelne konaj\u00fa skupinov\u00e9 t\u00fary na oboch stran\u00e1ch Dunaja.<\/p>\n\n\n\n<div class=\"wp-block-columns is-layout-flex wp-container-core-columns-is-layout-9d6595d7 wp-block-columns-is-layout-flex\">\n<div class=\"wp-block-column is-layout-flow wp-block-column-is-layout-flow\">\n<div class=\"wp-block-buttons is-layout-flex wp-block-buttons-is-layout-flex\">\n<div class=\"wp-block-button has-custom-width wp-block-button__width-100\"><a class=\"wp-block-button__link wp-element-button\">Turistick\u00e9 mo\u017enosti<\/a><\/div>\n<\/div>\n<\/div>\n\n\n\n<div class=\"wp-block-column is-layout-flow wp-block-column-is-layout-flow\"><\/div>\n\n\n\n<div class=\"wp-block-column is-layout-flow wp-block-column-is-layout-flow\"><\/div>\n<\/div>\n\n\n\n<h2 class=\"wp-block-heading\">Vonkaj\u0161ie fitness parky<\/h2>\n\n\n\n<p>Exteri\u00e9rov\u00e9 fitness parky s\u00fa navrhnut\u00e9 tak, aby poskytovali bezplatn\u00e9 mo\u017enosti cvi\u010denia pre \u013eud\u00ed v\u0161etk\u00fdch vekov\u00fdch kateg\u00f3ri\u00ed v pr\u00edrodnom prostred\u00ed. Tieto parky obsahuj\u00fa r\u00f4zne fitness stanice, vr\u00e1tane zariaden\u00ed na posil\u0148ovanie, kardiovaskul\u00e1rne stroje a pr\u00edstroje na stre\u010ding, ktor\u00e9 s\u00fa odoln\u00e9 vo\u010di poveternostn\u00fdm vplyvom. \u013dudia tu m\u00f4\u017eu nielen cvi\u010di\u0165, ale sa aj navz\u00e1jom motivova\u0165.<\/p>\n\n\n\n<div class=\"wp-block-query is-layout-flow wp-block-query-is-layout-flow\"><ul class=\"columns-3 wp-block-post-template is-layout-grid wp-container-core-post-template-is-layout-2fc57c17 wp-block-post-template-is-layout-grid\"><li class=\"wp-block-post post-1040 lokalita type-lokalita status-publish has-post-thumbnail hentry tag-detsky-park tag-exterier tag-fitness-park korcsoport-deti korcsoport-senior-sk sport-basketbal sport-crosstraining sport-fitness sport-futbal sport-stolny-tenis sport-volejbal varos-komarno\">\n\n<div class=\"wp-block-columns are-vertically-aligned-center is-layout-flex wp-container-core-columns-is-layout-9d6595d7 wp-block-columns-is-layout-flex\">\n<div class=\"wp-block-column is-vertically-aligned-center data-card is-layout-flow wp-block-column-is-layout-flow\" style=\"flex-basis:100%\"><figure style=\"width:120px;height:120px;\" class=\"wp-block-post-featured-image\"><a href=\"https:\/\/komsport.eu\/sk\/lokalita\/oddychovy-park-cistinka-mrtve-rameno-vahu\/\" target=\"_self\"  style=\"height:120px\"><img decoding=\"async\" width=\"1200\" height=\"900\" src=\"https:\/\/komsport.eu\/wp-content\/uploads\/2024\/05\/IMG_1262.jpg\" class=\"attachment-post-thumbnail size-post-thumbnail wp-post-image\" alt=\"Oddychov\u00fd park \u010cistinka, M\u0155tve rameno V\u00e1hu\" style=\"height:120px;object-fit:cover;\" srcset=\"https:\/\/komsport.eu\/wp-content\/uploads\/2024\/05\/IMG_1262.jpg 1200w, https:\/\/komsport.eu\/wp-content\/uploads\/2024\/05\/IMG_1262-560x420.jpg 560w, https:\/\/komsport.eu\/wp-content\/uploads\/2024\/05\/IMG_1262-768x576.jpg 768w\" sizes=\"(max-width: 1200px) 100vw, 1200px\" \/><\/a><\/figure>\n\n<h2 class=\"wp-block-post-title\"><a href=\"https:\/\/komsport.eu\/sk\/lokalita\/oddychovy-park-cistinka-mrtve-rameno-vahu\/\" target=\"_self\" >Oddychov\u00fd park \u010cistinka, M\u0155tve rameno V\u00e1hu<\/a><\/h2><\/div>\n<\/div>\n\n<\/li><li class=\"wp-block-post post-437 lokalita type-lokalita status-publish has-post-thumbnail hentry tag-exterier tag-fitness-park korcsoport-deti korcsoport-senior-sk sport-crosstraining sport-fitness varos-komarom\">\n\n<div class=\"wp-block-columns are-vertically-aligned-center is-layout-flex wp-container-core-columns-is-layout-9d6595d7 wp-block-columns-is-layout-flex\">\n<div class=\"wp-block-column is-vertically-aligned-center data-card is-layout-flow wp-block-column-is-layout-flow\" style=\"flex-basis:100%\"><figure style=\"width:120px;height:120px;\" class=\"wp-block-post-featured-image\"><a href=\"https:\/\/komsport.eu\/sk\/lokalita\/sportovy-park-rudiger-to\/\" target=\"_self\"  style=\"height:120px\"><img decoding=\"async\" width=\"2560\" height=\"1920\" src=\"https:\/\/komsport.eu\/wp-content\/uploads\/2024\/04\/IMG_1392-scaled.jpg\" class=\"attachment-post-thumbnail size-post-thumbnail wp-post-image\" alt=\"\u0160portov\u00fd park, R\u00fcdiger-t\u00f3\" style=\"height:120px;object-fit:cover;\" srcset=\"https:\/\/komsport.eu\/wp-content\/uploads\/2024\/04\/IMG_1392-scaled.jpg 2560w, https:\/\/komsport.eu\/wp-content\/uploads\/2024\/04\/IMG_1392-560x420.jpg 560w, https:\/\/komsport.eu\/wp-content\/uploads\/2024\/04\/IMG_1392-1200x900.jpg 1200w, https:\/\/komsport.eu\/wp-content\/uploads\/2024\/04\/IMG_1392-768x576.jpg 768w, https:\/\/komsport.eu\/wp-content\/uploads\/2024\/04\/IMG_1392-1536x1152.jpg 1536w, https:\/\/komsport.eu\/wp-content\/uploads\/2024\/04\/IMG_1392-2048x1536.jpg 2048w\" sizes=\"(max-width: 2560px) 100vw, 2560px\" \/><\/a><\/figure>\n\n<h2 class=\"wp-block-post-title\"><a href=\"https:\/\/komsport.eu\/sk\/lokalita\/sportovy-park-rudiger-to\/\" target=\"_self\" >\u0160portov\u00fd park, R\u00fcdiger-t\u00f3<\/a><\/h2><\/div>\n<\/div>\n\n<\/li><li class=\"wp-block-post post-424 lokalita type-lokalita status-publish has-post-thumbnail hentry tag-exterier tag-fitness-park korcsoport-senior-sk sport-crosstraining sport-fitness varos-komarom\">\n\n<div class=\"wp-block-columns are-vertically-aligned-center is-layout-flex wp-container-core-columns-is-layout-9d6595d7 wp-block-columns-is-layout-flex\">\n<div class=\"wp-block-column is-vertically-aligned-center data-card is-layout-flow wp-block-column-is-layout-flow\" style=\"flex-basis:100%\"><figure style=\"width:120px;height:120px;\" class=\"wp-block-post-featured-image\"><a href=\"https:\/\/komsport.eu\/sk\/lokalita\/outdoor-fitness-park\/\" target=\"_self\"  style=\"height:120px\"><img decoding=\"async\" width=\"911\" height=\"645\" src=\"https:\/\/komsport.eu\/wp-content\/uploads\/2024\/04\/Outdoor-fitness-park.png\" class=\"attachment-post-thumbnail size-post-thumbnail wp-post-image\" alt=\"Outdoor fitness park, Sport utca, D\u00e9l-Kom\u00e1rom\" style=\"height:120px;object-fit:cover;\" srcset=\"https:\/\/komsport.eu\/wp-content\/uploads\/2024\/04\/Outdoor-fitness-park.png 911w, https:\/\/komsport.eu\/wp-content\/uploads\/2024\/04\/Outdoor-fitness-park-768x544.png 768w\" sizes=\"(max-width: 911px) 100vw, 911px\" \/><\/a><\/figure>\n\n<h2 class=\"wp-block-post-title\"><a href=\"https:\/\/komsport.eu\/sk\/lokalita\/outdoor-fitness-park\/\" target=\"_self\" >Outdoor fitness park, Sport utca, D\u00e9l-Kom\u00e1rom<\/a><\/h2><\/div>\n<\/div>\n\n<\/li><li class=\"wp-block-post post-143 lokalita type-lokalita status-publish has-post-thumbnail hentry tag-exterier tag-fitness-park korcsoport-senior-sk sport-crosstraining sport-fitness varos-komarno\">\n\n<div class=\"wp-block-columns are-vertically-aligned-center is-layout-flex wp-container-core-columns-is-layout-9d6595d7 wp-block-columns-is-layout-flex\">\n<div class=\"wp-block-column is-vertically-aligned-center data-card is-layout-flow wp-block-column-is-layout-flow\" style=\"flex-basis:100%\"><figure style=\"width:120px;height:120px;\" class=\"wp-block-post-featured-image\"><a href=\"https:\/\/komsport.eu\/sk\/lokalita\/vonkajsie-posilnovacie-stroje\/\" target=\"_self\"  style=\"height:120px\"><img decoding=\"async\" width=\"2560\" height=\"1920\" src=\"https:\/\/komsport.eu\/wp-content\/uploads\/2024\/03\/IMG_1236-scaled.jpg\" class=\"attachment-post-thumbnail size-post-thumbnail wp-post-image\" alt=\"Vonkaj\u0161ie posil\u0148ovacie stroje, Vn\u00fatorn\u00e1 Okru\u017en\u00e1\" style=\"height:120px;object-fit:cover;\" srcset=\"https:\/\/komsport.eu\/wp-content\/uploads\/2024\/03\/IMG_1236-scaled.jpg 2560w, https:\/\/komsport.eu\/wp-content\/uploads\/2024\/03\/IMG_1236-560x420.jpg 560w, https:\/\/komsport.eu\/wp-content\/uploads\/2024\/03\/IMG_1236-1200x900.jpg 1200w, https:\/\/komsport.eu\/wp-content\/uploads\/2024\/03\/IMG_1236-768x576.jpg 768w, https:\/\/komsport.eu\/wp-content\/uploads\/2024\/03\/IMG_1236-1536x1152.jpg 1536w, https:\/\/komsport.eu\/wp-content\/uploads\/2024\/03\/IMG_1236-2048x1536.jpg 2048w\" sizes=\"(max-width: 2560px) 100vw, 2560px\" \/><\/a><\/figure>\n\n<h2 class=\"wp-block-post-title\"><a href=\"https:\/\/komsport.eu\/sk\/lokalita\/vonkajsie-posilnovacie-stroje\/\" target=\"_self\" >Vonkaj\u0161ie posil\u0148ovacie stroje, Vn\u00fatorn\u00e1 Okru\u017en\u00e1<\/a><\/h2><\/div>\n<\/div>\n\n<\/li><li class=\"wp-block-post post-140 lokalita type-lokalita status-publish has-post-thumbnail hentry tag-detsky-park tag-exterier tag-fitness-park korcsoport-deti korcsoport-senior-sk sport-crosstraining sport-fitness sport-stolny-tenis varos-komarno\">\n\n<div class=\"wp-block-columns are-vertically-aligned-center is-layout-flex wp-container-core-columns-is-layout-9d6595d7 wp-block-columns-is-layout-flex\">\n<div class=\"wp-block-column is-vertically-aligned-center data-card is-layout-flow wp-block-column-is-layout-flow\" style=\"flex-basis:100%\"><figure style=\"width:120px;height:120px;\" class=\"wp-block-post-featured-image\"><a href=\"https:\/\/komsport.eu\/sk\/lokalita\/sportovy-a-volnocasovy-park-pri-vodarenskej-vezi-v-komarne\/\" target=\"_self\"  style=\"height:120px\"><img decoding=\"async\" width=\"680\" height=\"382\" src=\"https:\/\/komsport.eu\/wp-content\/uploads\/2024\/03\/vodarenska-veza.jpg\" class=\"attachment-post-thumbnail size-post-thumbnail wp-post-image\" alt=\"\u0160portov\u00fd a vo\u013eno\u010dasov\u00fd park pri Vod\u00e1renskej ve\u017ei v Kom\u00e1rne\" style=\"height:120px;object-fit:cover;\" \/><\/a><\/figure>\n\n<h2 class=\"wp-block-post-title\"><a href=\"https:\/\/komsport.eu\/sk\/lokalita\/sportovy-a-volnocasovy-park-pri-vodarenskej-vezi-v-komarne\/\" target=\"_self\" >\u0160portov\u00fd a vo\u013eno\u010dasov\u00fd park pri Vod\u00e1renskej ve\u017ei v Kom\u00e1rne<\/a><\/h2><\/div>\n<\/div>\n\n<\/li><li class=\"wp-block-post post-134 lokalita type-lokalita status-publish has-post-thumbnail hentry tag-exterier tag-fitness-park korcsoport-senior-sk sport-crosstraining sport-fitness varos-komarno\">\n\n<div class=\"wp-block-columns are-vertically-aligned-center is-layout-flex wp-container-core-columns-is-layout-9d6595d7 wp-block-columns-is-layout-flex\">\n<div class=\"wp-block-column is-vertically-aligned-center data-card is-layout-flow wp-block-column-is-layout-flow\" style=\"flex-basis:100%\"><figure style=\"width:120px;height:120px;\" class=\"wp-block-post-featured-image\"><a href=\"https:\/\/komsport.eu\/sk\/lokalita\/street-workout-park-komarno\/\" target=\"_self\"  style=\"height:120px\"><img decoding=\"async\" width=\"1200\" height=\"900\" src=\"https:\/\/komsport.eu\/wp-content\/uploads\/2024\/05\/IMG_1252.jpg\" class=\"attachment-post-thumbnail size-post-thumbnail wp-post-image\" alt=\"Street Workout Park, Gener\u00e1la Klapku, Kom\u00e1rno\" style=\"height:120px;object-fit:cover;\" srcset=\"https:\/\/komsport.eu\/wp-content\/uploads\/2024\/05\/IMG_1252.jpg 1200w, https:\/\/komsport.eu\/wp-content\/uploads\/2024\/05\/IMG_1252-560x420.jpg 560w, https:\/\/komsport.eu\/wp-content\/uploads\/2024\/05\/IMG_1252-768x576.jpg 768w\" sizes=\"(max-width: 1200px) 100vw, 1200px\" \/><\/a><\/figure>\n\n<h2 class=\"wp-block-post-title\"><a href=\"https:\/\/komsport.eu\/sk\/lokalita\/street-workout-park-komarno\/\" target=\"_self\" >Street Workout Park, Gener\u00e1la Klapku, Kom\u00e1rno<\/a><\/h2><\/div>\n<\/div>\n\n<\/li><\/ul><\/div>\n\n\n\n<h2 class=\"wp-block-heading\">Ob\u013e\u00faben\u00e9 lokality<\/h2>\n\n\n\n<p>Medzi najob\u013e\u00fabenej\u0161ie miesta na vo\u013en\u00fd \u010das v Kom\u00e1rne a Kom\u00e1rome jednozna\u010dne patria tie, ktor\u00e9 sa nach\u00e1dzaj\u00fa v bl\u00edzkosti pr\u00edrody<\/p>\n","protected":false},"excerpt":{"rendered":"<p>Rekrea\u010dn\u00e9 \u0161porty s\u00fa popul\u00e1rnou formou akt\u00edvneho oddychu, zlep\u0161uj\u00fa fyzick\u00e9 zdravie a zni\u017euj\u00fa stres. Tieto aktivity nielen podporuj\u00fa telesn\u00fa kond\u00edciu, ale tie\u017e poskytuj\u00fa pr\u00edle\u017eitos\u0165 na spozn\u00e1vanie nov\u00fdch \u013eud\u00ed a z\u00edskavanie nov\u00fdch z\u00e1\u017eitkov v pr\u00edjemnom prostred\u00ed, ke\u010f\u017ee ide najm\u00e4 o pobyt v pr\u00edrode. Cyklistika Cyklistika v Kom\u00e1rne a okol\u00ed m\u00e1 svoju trad\u00edciu. Dostupn\u00e9 s\u00fa nielen cyklotrasy ale [&hellip;]<\/p>\n","protected":false},"author":1,"featured_media":206,"parent":0,"menu_order":0,"comment_status":"closed","ping_status":"closed","template":"page-nosidebar.php","meta":{"_acf_changed":false,"rank_math_lock_modified_date":false,"footnotes":""},"class_list":["post-658","page","type-page","status-publish","has-post-thumbnail","hentry"],"acf":[],"_links":{"self":[{"href":"https:\/\/komsport.eu\/sk\/wp-json\/wp\/v2\/pages\/658","targetHints":{"allow":["GET"]}}],"collection":[{"href":"https:\/\/komsport.eu\/sk\/wp-json\/wp\/v2\/pages"}],"about":[{"href":"https:\/\/komsport.eu\/sk\/wp-json\/wp\/v2\/types\/page"}],"author":[{"embeddable":true,"href":"https:\/\/komsport.eu\/sk\/wp-json\/wp\/v2\/users\/1"}],"replies":[{"embeddable":true,"href":"https:\/\/komsport.eu\/sk\/wp-json\/wp\/v2\/comments?post=658"}],"version-history":[{"count":20,"href":"https:\/\/komsport.eu\/sk\/wp-json\/wp\/v2\/pages\/658\/revisions"}],"predecessor-version":[{"id":692,"href":"https:\/\/komsport.eu\/sk\/wp-json\/wp\/v2\/pages\/658\/revisions\/692"}],"wp:featuredmedia":[{"embeddable":true,"href":"https:\/\/komsport.eu\/sk\/wp-json\/wp\/v2\/media\/206"}],"wp:attachment":[{"href":"https:\/\/komsport.eu\/sk\/wp-json\/wp\/v2\/media?parent=658"}],"curies":[{"name":"wp","href":"https:\/\/api.w.org\/{rel}","templated":true}]}}